{"id":2241,"date":"2025-08-01T15:44:13","date_gmt":"2025-08-01T15:44:13","guid":{"rendered":"https:\/\/kristinaoja.com\/kkk\/"},"modified":"2025-12-17T08:49:06","modified_gmt":"2025-12-17T08:49:06","slug":"kkk","status":"publish","type":"page","link":"https:\/\/kristinaoja.com\/et\/kkk\/","title":{"rendered":"KKK"},"content":{"rendered":"\t\t<div data-elementor-type=\"wp-page\" data-elementor-id=\"2241\" class=\"elementor elementor-2241 elementor-1304\">\n\t\t\t\t<div class=\"elementor-element elementor-element-e9499b0 e-flex e-con-boxed e-con e-parent\" data-id=\"e9499b0\" data-element_type=\"container\" data-e-type=\"container\" data-settings=\"{&quot;background_background&quot;:&quot;classic&quot;}\">\n\t\t\t\t\t<div class=\"e-con-inner\">\n\t\t\t\t<div class=\"elementor-element elementor-element-4bfc6c7 elementor-widget elementor-widget-heading\" data-id=\"4bfc6c7\" data-element_type=\"widget\" data-e-type=\"widget\" data-widget_type=\"heading.default\">\n\t\t\t\t\t<h1 class=\"elementor-heading-title elementor-size-default\">korduma kippuvad k\u00fcsimused<\/h1>\t\t\t\t<\/div>\n\t\t\t\t\t<\/div>\n\t\t\t\t<\/div>\n\t\t<div class=\"elementor-element elementor-element-a96ab9c e-flex e-con-boxed e-con e-parent\" data-id=\"a96ab9c\" data-element_type=\"container\" data-e-type=\"container\">\n\t\t\t\t\t<div class=\"e-con-inner\">\n\t\t\t\t<div class=\"elementor-element elementor-element-5042fc9 elementor-widget elementor-widget-n-accordion\" data-id=\"5042fc9\" data-element_type=\"widget\" data-e-type=\"widget\" data-settings=\"{&quot;default_state&quot;:&quot;expanded&quot;,&quot;max_items_expended&quot;:&quot;one&quot;,&quot;n_accordion_animation_duration&quot;:{&quot;unit&quot;:&quot;ms&quot;,&quot;size&quot;:400,&quot;sizes&quot;:[]}}\" data-widget_type=\"nested-accordion.default\">\n\t\t\t\t\t\t\t<div class=\"e-n-accordion\" aria-label=\"Accordion. Open links with Enter or Space, close with Escape, and navigate with Arrow Keys\">\n\t\t\t\t\t\t<details id=\"e-n-accordion-item-8410\" class=\"e-n-accordion-item\" open>\n\t\t\t\t<summary class=\"e-n-accordion-item-title\" data-accordion-index=\"1\" tabindex=\"0\" aria-expanded=\"true\" aria-controls=\"e-n-accordion-item-8410\" >\n\t\t\t\t\t<span class='e-n-accordion-item-title-header'><h6 class=\"e-n-accordion-item-title-text\"> Kas ma saan tellida personaalset suurust? <\/h6><\/span>\n\t\t\t\t\t\t\t\t\t<\/summary>\n\t\t\t\t<div role=\"region\" aria-labelledby=\"e-n-accordion-item-8410\" class=\"elementor-element elementor-element-6e41a91 e-con-full e-flex e-con e-child\" data-id=\"6e41a91\" data-element_type=\"container\" data-e-type=\"container\">\n\t\t<div role=\"region\" aria-labelledby=\"e-n-accordion-item-8410\" class=\"elementor-element elementor-element-5667f6d e-flex e-con-boxed e-con e-child\" data-id=\"5667f6d\" data-element_type=\"container\" data-e-type=\"container\">\n\t\t\t\t\t<div class=\"e-con-inner\">\n\t\t\t\t<div class=\"elementor-element elementor-element-120a0c5 elementor-widget elementor-widget-text-editor\" data-id=\"120a0c5\" data-element_type=\"widget\" data-e-type=\"widget\" data-widget_type=\"text-editor.default\">\n\t\t\t\t\t\t\t\t\t<p><span style=\"font-family: Helvetica;\"><span style=\"font-weight: 400;\">Jah, muidugi! Pakun personaalset suurust, mis valmib t\u00e4pselt sinu m\u00f5\u00f5tude j\u00e4rgi. Saada mulle s\u00f5num <\/span><a href=\"mailto:info@kristinaoja.com\"><span style=\"font-weight: 400;\">info@kristinaoja.com<\/span><\/a><span style=\"font-weight: 400;\"> <\/span><span style=\"font-weight: 400;\">koos oma sooviga. Mul on vaja sinu rinna-, v\u00f6\u00f6- ja puusa\u00fcmberm\u00f5\u00f5te (cm). Palun vaata ka toote kirjeldust, m\u00f5ne eseme puhul v\u00f5ib mul olla vaja veel m\u00f5ningaid lisam\u00f5\u00f5tmeid, et see sobiks ideaalselt!<\/span><\/span><\/p>\t\t\t\t\t\t\t\t<\/div>\n\t\t\t\t\t<\/div>\n\t\t\t\t<\/div>\n\t\t\t\t<\/div>\n\t\t\t\t\t<\/details>\n\t\t\t\t\t\t<details id=\"e-n-accordion-item-8411\" class=\"e-n-accordion-item\" >\n\t\t\t\t<summary class=\"e-n-accordion-item-title\" data-accordion-index=\"2\" tabindex=\"-1\" aria-expanded=\"false\" aria-controls=\"e-n-accordion-item-8411\" >\n\t\t\t\t\t<span class='e-n-accordion-item-title-header'><h6 class=\"e-n-accordion-item-title-text\"> Millist suurust valida? <\/h6><\/span>\n\t\t\t\t\t\t\t\t\t<\/summary>\n\t\t\t\t<div role=\"region\" aria-labelledby=\"e-n-accordion-item-8411\" class=\"elementor-element elementor-element-ebed075 e-con-full e-flex e-con e-child\" data-id=\"ebed075\" data-element_type=\"container\" data-e-type=\"container\">\n\t\t<div role=\"region\" aria-labelledby=\"e-n-accordion-item-8411\" class=\"elementor-element elementor-element-16dcb7d e-flex e-con-boxed e-con e-child\" data-id=\"16dcb7d\" data-element_type=\"container\" data-e-type=\"container\">\n\t\t\t\t\t<div class=\"e-con-inner\">\n\t\t\t\t<div class=\"elementor-element elementor-element-f0ce401 elementor-widget elementor-widget-text-editor\" data-id=\"f0ce401\" data-element_type=\"widget\" data-e-type=\"widget\" data-widget_type=\"text-editor.default\">\n\t\t\t\t\t\t\t\t\t<p><span style=\"font-weight: 400; font-family: Helvetica;\">Vaata meie <a href=\"https:\/\/kristinaoja.com\/et\/?page_id=2228\">suuruste juhendit<\/a> v\u00f5i saada mulle oma m\u00f5\u00f5dud! Pane t\u00e4hele, et kudumid venivad ja kohanevad sinu kehaga, seega on natuke paindlikkust suuruse valikul t\u00e4iesti normaalne.  <\/span><\/p>\t\t\t\t\t\t\t\t<\/div>\n\t\t\t\t\t<\/div>\n\t\t\t\t<\/div>\n\t\t\t\t<\/div>\n\t\t\t\t\t<\/details>\n\t\t\t\t\t\t<details id=\"e-n-accordion-item-8412\" class=\"e-n-accordion-item\" >\n\t\t\t\t<summary class=\"e-n-accordion-item-title\" data-accordion-index=\"3\" tabindex=\"-1\" aria-expanded=\"false\" aria-controls=\"e-n-accordion-item-8412\" >\n\t\t\t\t\t<span class='e-n-accordion-item-title-header'><h6 class=\"e-n-accordion-item-title-text\"> Soovin, et mu seelik oleks veidi l\u00fchem\/pikem..kas see on v\u00f5imalik? <\/h6><\/span>\n\t\t\t\t\t\t\t\t\t<\/summary>\n\t\t\t\t<div role=\"region\" aria-labelledby=\"e-n-accordion-item-8412\" class=\"elementor-element elementor-element-8d24fed e-con-full e-flex e-con e-child\" data-id=\"8d24fed\" data-element_type=\"container\" data-e-type=\"container\">\n\t\t<div role=\"region\" aria-labelledby=\"e-n-accordion-item-8412\" class=\"elementor-element elementor-element-febc2d0 e-flex e-con-boxed e-con e-child\" data-id=\"febc2d0\" data-element_type=\"container\" data-e-type=\"container\">\n\t\t\t\t\t<div class=\"e-con-inner\">\n\t\t\t\t<div class=\"elementor-element elementor-element-4cd8707 elementor-widget elementor-widget-text-editor\" data-id=\"4cd8707\" data-element_type=\"widget\" data-e-type=\"widget\" data-widget_type=\"text-editor.default\">\n\t\t\t\t\t\t\t\t\t<p data-start=\"114\" data-end=\"339\"><span style=\"font-family: Helvetica;\">Kui soovid, et su seelik (v\u00f5i \u00fcksk\u00f5ik, mis riideese) oleks natuke l\u00fchem v\u00f5i pikem, saada mulle lihtsalt email koos oma sooviga ja m\u00f5\u00f5tudega. N\u00e4iteks: \u201eSooviksin, et seelik oleks 5 cm pikem.\u201c V\u00e4ikesed muudatused on t\u00e4iesti v\u00f5imalikud!<\/span><\/p><p data-start=\"341\" data-end=\"543\"><span style=\"font-family: Helvetica;\">Kui m\u00f5tled suuremale muudatusele \u2014 n\u00e4iteks pluusist kleidi tegemisele \u2014 vajab see rohkem l\u00f5nga, materjale ja t\u00f6\u00f6d, seega v\u00f5ib hind olla veidi k\u00f5rgem. Kirjuta mulle email ja leiame koos sobiva lahenduse. <\/span><\/p>\t\t\t\t\t\t\t\t<\/div>\n\t\t\t\t\t<\/div>\n\t\t\t\t<\/div>\n\t\t\t\t<\/div>\n\t\t\t\t\t<\/details>\n\t\t\t\t\t\t<details id=\"e-n-accordion-item-8413\" class=\"e-n-accordion-item\" >\n\t\t\t\t<summary class=\"e-n-accordion-item-title\" data-accordion-index=\"4\" tabindex=\"-1\" aria-expanded=\"false\" aria-controls=\"e-n-accordion-item-8413\" >\n\t\t\t\t\t<span class='e-n-accordion-item-title-header'><h6 class=\"e-n-accordion-item-title-text\"> Kas tellimusi on v\u00f5imalik saata ka v\u00e4lismaale? <\/h6><\/span>\n\t\t\t\t\t\t\t\t\t<\/summary>\n\t\t\t\t<div role=\"region\" aria-labelledby=\"e-n-accordion-item-8413\" class=\"elementor-element elementor-element-1a5d6b5 e-con-full e-flex e-con e-child\" data-id=\"1a5d6b5\" data-element_type=\"container\" data-e-type=\"container\">\n\t\t<div role=\"region\" aria-labelledby=\"e-n-accordion-item-8413\" class=\"elementor-element elementor-element-2314f2e e-flex e-con-boxed e-con e-child\" data-id=\"2314f2e\" data-element_type=\"container\" data-e-type=\"container\">\n\t\t\t\t\t<div class=\"e-con-inner\">\n\t\t\t\t<div class=\"elementor-element elementor-element-b2d7b31 elementor-widget elementor-widget-text-editor\" data-id=\"b2d7b31\" data-element_type=\"widget\" data-e-type=\"widget\" data-widget_type=\"text-editor.default\">\n\t\t\t\t\t\t\t\t\t<p>Jah!<\/p>\t\t\t\t\t\t\t\t<\/div>\n\t\t\t\t\t<\/div>\n\t\t\t\t<\/div>\n\t\t\t\t<\/div>\n\t\t\t\t\t<\/details>\n\t\t\t\t\t\t<details id=\"e-n-accordion-item-8414\" class=\"e-n-accordion-item\" >\n\t\t\t\t<summary class=\"e-n-accordion-item-title\" data-accordion-index=\"5\" tabindex=\"-1\" aria-expanded=\"false\" aria-controls=\"e-n-accordion-item-8414\" >\n\t\t\t\t\t<span class='e-n-accordion-item-title-header'><h6 class=\"e-n-accordion-item-title-text\"> Kui kaua v\u00f5tab minu tellimuse valmistamine aega? <\/h6><\/span>\n\t\t\t\t\t\t\t\t\t<\/summary>\n\t\t\t\t<div role=\"region\" aria-labelledby=\"e-n-accordion-item-8414\" class=\"elementor-element elementor-element-7230c2b e-con-full e-flex e-con e-child\" data-id=\"7230c2b\" data-element_type=\"container\" data-e-type=\"container\">\n\t\t<div role=\"region\" aria-labelledby=\"e-n-accordion-item-8414\" class=\"elementor-element elementor-element-a667c80 e-flex e-con-boxed e-con e-child\" data-id=\"a667c80\" data-element_type=\"container\" data-e-type=\"container\">\n\t\t\t\t\t<div class=\"e-con-inner\">\n\t\t\t\t<div class=\"elementor-element elementor-element-35d76dc elementor-widget elementor-widget-text-editor\" data-id=\"35d76dc\" data-element_type=\"widget\" data-e-type=\"widget\" data-widget_type=\"text-editor.default\">\n\t\t\t\t\t\t\t\t\t<p data-start=\"87\" data-end=\"404\">Enamiku esemete tootmisaeg on 1\u20132 n\u00e4dalat, kuna iga ese valmib tellimuse alusel \u2014 ma alustan selle valmistamist alles p\u00e4rast tellimuse esitamist. T\u00e4pne aeg s\u00f5ltub sellest, kui palju tellimusi hetkel j\u00e4rjekorras on. Kui tellid rohkem kui \u00fche eseme, v\u00f5ib tootmisaeg veidi pikem olla. Aga ma annan endast parima, et toode j\u00f5uaks v\u00f5imalikult kiiresti sinuni!<\/p><p data-start=\"406\" data-end=\"602\">Siiski on m\u00f5ned r\u00f5ivad juba valmis ja saadaval kohe saatmiseks. Kui otsid midagi kiiremini, v\u00f5ta julgelt \u00fchendust, et uurida, millised tooted on praegu koheseks saatmiseks saadaval v\u00f5i kohandame tellimuse ajagraafikut vastavalt sinu soovidele.<\/p>\t\t\t\t\t\t\t\t<\/div>\n\t\t\t\t\t<\/div>\n\t\t\t\t<\/div>\n\t\t\t\t<\/div>\n\t\t\t\t\t<\/details>\n\t\t\t\t\t\t<details id=\"e-n-accordion-item-8415\" class=\"e-n-accordion-item\" >\n\t\t\t\t<summary class=\"e-n-accordion-item-title\" data-accordion-index=\"6\" tabindex=\"-1\" aria-expanded=\"false\" aria-controls=\"e-n-accordion-item-8415\" >\n\t\t\t\t\t<span class='e-n-accordion-item-title-header'><h6 class=\"e-n-accordion-item-title-text\"> Kes r\u00f5ivaid valmistab? <\/h6><\/span>\n\t\t\t\t\t\t\t\t\t<\/summary>\n\t\t\t\t<div role=\"region\" aria-labelledby=\"e-n-accordion-item-8415\" class=\"elementor-element elementor-element-fc627f3 e-con-full e-flex e-con e-child\" data-id=\"fc627f3\" data-element_type=\"container\" data-e-type=\"container\">\n\t\t<div role=\"region\" aria-labelledby=\"e-n-accordion-item-8415\" class=\"elementor-element elementor-element-ae9d4ae e-flex e-con-boxed e-con e-child\" data-id=\"ae9d4ae\" data-element_type=\"container\" data-e-type=\"container\">\n\t\t\t\t\t<div class=\"e-con-inner\">\n\t\t\t\t<div class=\"elementor-element elementor-element-2b3e4ef elementor-widget elementor-widget-text-editor\" data-id=\"2b3e4ef\" data-element_type=\"widget\" data-e-type=\"widget\" data-widget_type=\"text-editor.default\">\n\t\t\t\t\t\t\t\t\t<p><span style=\"font-family: Helvetica;\">Mina! Iga ese on k\u00e4sitsi valmistatud algusest l\u00f5puni. Olen \u00f5ppinud tekstiilidisaini Eesti Kunstiakadeemias, seega tunnen materjale p\u00f5hjalikult, ning oman r\u00e4tsepakutset naiste r\u00f5ivaste valmistamisel. See t\u00e4hendab, et oskan luua keerukaid l\u00f5ikeid, t\u00e4pseid \u00f5mbluss\u00f5lmi ja kohandada toote istuvust t\u00e4iuslikult sinu kehale \u2014 sest me k\u00f5ik oleme erinevad. Minu jaoks on r\u00f5ivaste kvaliteet ja kestvus k\u00f5ige t\u00e4htsam.<\/span><\/p>\t\t\t\t\t\t\t\t<\/div>\n\t\t\t\t\t<\/div>\n\t\t\t\t<\/div>\n\t\t\t\t<\/div>\n\t\t\t\t\t<\/details>\n\t\t\t\t\t\t<details id=\"e-n-accordion-item-8416\" class=\"e-n-accordion-item\" >\n\t\t\t\t<summary class=\"e-n-accordion-item-title\" data-accordion-index=\"7\" tabindex=\"-1\" aria-expanded=\"false\" aria-controls=\"e-n-accordion-item-8416\" >\n\t\t\t\t\t<span class='e-n-accordion-item-title-header'><h6 class=\"e-n-accordion-item-title-text\"> Kas kudumid on l\u00e4bipaistvad? <\/h6><\/span>\n\t\t\t\t\t\t\t\t\t<\/summary>\n\t\t\t\t<div role=\"region\" aria-labelledby=\"e-n-accordion-item-8416\" class=\"elementor-element elementor-element-bd46c0e e-con-full e-flex e-con e-child\" data-id=\"bd46c0e\" data-element_type=\"container\" data-e-type=\"container\">\n\t\t<div role=\"region\" aria-labelledby=\"e-n-accordion-item-8416\" class=\"elementor-element elementor-element-cc93b5b e-flex e-con-boxed e-con e-child\" data-id=\"cc93b5b\" data-element_type=\"container\" data-e-type=\"container\">\n\t\t\t\t\t<div class=\"e-con-inner\">\n\t\t\t\t<div class=\"elementor-element elementor-element-dcf8875 elementor-widget elementor-widget-text-editor\" data-id=\"dcf8875\" data-element_type=\"widget\" data-e-type=\"widget\" data-widget_type=\"text-editor.default\">\n\t\t\t\t\t\t\t\t\t<p data-start=\"73\" data-end=\"358\">M\u00f5ned kudumid v\u00f5ivad olla veidi l\u00e4bipaistvad \u2014 see on t\u00fc\u00fcpiline teatud kudumistruktuuride puhul ning osa kudumite loomulikust v\u00e4limusest ja tundest. Tavaliselt piisab, kui kanda nahav\u00e4rvi v\u00f5i bee\u017ei aluspesu, et midagi silma ei paistaks, mida sa ei soovi.<\/p><p data-start=\"360\" data-end=\"543\"><span style=\"font-family: Helvetica; font-size: 12pt;\">Kui soovid rohkem katvust, saan lisada voodri venivast viskoosvoodrist, mis on saadaval lisatasu eest. Kirjuta mulle lihtsalt <\/span><a class=\"cursor-pointer\" rel=\"noopener\" data-start=\"494\" data-end=\"514\">info@kristinaoja.com <\/a>ja aitan hea meelega. Minu eesm\u00e4rk on, et sa tunneksid end mu r\u00f5ivates mugavalt!<span style=\"font-family: Helvetica; font-size: 12pt;\"><\/span><\/p>\t\t\t\t\t\t\t\t<\/div>\n\t\t\t\t\t<\/div>\n\t\t\t\t<\/div>\n\t\t\t\t<\/div>\n\t\t\t\t\t<\/details>\n\t\t\t\t\t<\/div>\n\t\t\t\t\t\t<\/div>\n\t\t\t\t\t<\/div>\n\t\t\t\t<\/div>\n\t\t\t\t<\/div>\n\t\t","protected":false},"excerpt":{"rendered":"<p>korduma kippuvad k\u00fcsimused Kas ma saan tellida personaalset suurust? Jah, muidugi! Pakun personaalset suurust, mis valmib t\u00e4pselt sinu m\u00f5\u00f5tude j\u00e4rgi. [&hellip;]<\/p>\n","protected":false},"author":1,"featured_media":0,"parent":0,"menu_order":0,"comment_status":"closed","ping_status":"closed","template":"","meta":{"site-sidebar-layout":"no-sidebar","site-content-layout":"","ast-site-content-layout":"full-width-container","site-content-style":"default","site-sidebar-style":"default","ast-global-header-display":"","ast-banner-title-visibility":"","ast-main-header-display":"","ast-hfb-above-header-display":"","ast-hfb-below-header-display":"","ast-hfb-mobile-header-display":"","site-post-title":"disabled","ast-breadcrumbs-content":"","ast-featured-img":"disabled","footer-sml-layout":"","ast-disable-related-posts":"","theme-transparent-header-meta":"","adv-header-id-meta":"","stick-header-meta":"","header-above-stick-meta":"","header-main-stick-meta":"","header-below-stick-meta":"","astra-migrate-meta-layouts":"default","ast-page-background-enabled":"default","ast-page-background-meta":{"desktop":{"background-color":"var(--ast-global-color-4)","background-image":"","background-repeat":"repeat","background-position":"center center","background-size":"auto","background-attachment":"scroll","background-type":"","background-media":"","overlay-type":"","overlay-color":"","overlay-opacity":"","overlay-gradient":""},"tablet":{"background-color":"","background-image":"","background-repeat":"repeat","background-position":"center center","background-size":"auto","background-attachment":"scroll","background-type":"","background-media":"","overlay-type":"","overlay-color":"","overlay-opacity":"","overlay-gradient":""},"mobile":{"background-color":"","background-image":"","background-repeat":"repeat","background-position":"center center","background-size":"auto","background-attachment":"scroll","background-type":"","background-media":"","overlay-type":"","overlay-color":"","overlay-opacity":"","overlay-gradient":""}},"ast-content-background-meta":{"desktop":{"background-color":"var(--ast-global-color-5)","background-image":"","background-repeat":"repeat","background-position":"center center","background-size":"auto","background-attachment":"scroll","background-type":"","background-media":"","overlay-type":"","overlay-color":"","overlay-opacity":"","overlay-gradient":""},"tablet":{"background-color":"var(--ast-global-color-5)","background-image":"","background-repeat":"repeat","background-position":"center center","background-size":"auto","background-attachment":"scroll","background-type":"","background-media":"","overlay-type":"","overlay-color":"","overlay-opacity":"","overlay-gradient":""},"mobile":{"background-color":"var(--ast-global-color-5)","background-image":"","background-repeat":"repeat","background-position":"center center","background-size":"auto","background-attachment":"scroll","background-type":"","background-media":"","overlay-type":"","overlay-color":"","overlay-opacity":"","overlay-gradient":""}},"footnotes":""},"class_list":["post-2241","page","type-page","status-publish","hentry"],"yoast_head":"<!-- This site is optimized with the Yoast SEO plugin v27.5 - https:\/\/yoast.com\/product\/yoast-seo-wordpress\/ -->\n<title>KKK - kristina oja<\/title>\n<meta name=\"robots\" content=\"index, follow, max-snippet:-1, max-image-preview:large, max-video-preview:-1\" \/>\n<link rel=\"canonical\" href=\"https:\/\/kristinaoja.com\/et\/?page_id=2241\" \/>\n<meta property=\"og:locale\" content=\"et_EE\" \/>\n<meta property=\"og:type\" content=\"article\" \/>\n<meta property=\"og:title\" content=\"KKK - kristina oja\" \/>\n<meta property=\"og:description\" content=\"korduma kippuvad k\u00fcsimused Kas ma saan tellida personaalset suurust? Jah, muidugi! Pakun personaalset suurust, mis valmib t\u00e4pselt sinu m\u00f5\u00f5tude j\u00e4rgi. [&hellip;]\" \/>\n<meta property=\"og:url\" content=\"https:\/\/kristinaoja.com\/et\/?page_id=2241\" \/>\n<meta property=\"og:site_name\" content=\"kristina oja\" \/>\n<meta property=\"article:publisher\" content=\"https:\/\/www.facebook.com\/profile.php?id=61550792045748\" \/>\n<meta property=\"article:modified_time\" content=\"2025-12-17T08:49:06+00:00\" \/>\n<meta name=\"twitter:card\" content=\"summary_large_image\" \/>\n<meta name=\"twitter:label1\" content=\"Est. reading time\" \/>\n\t<meta name=\"twitter:data1\" content=\"4 minutit\" \/>\n<script type=\"application\/ld+json\" class=\"yoast-schema-graph\">{\"@context\":\"https:\\\/\\\/schema.org\",\"@graph\":[{\"@type\":\"WebPage\",\"@id\":\"https:\\\/\\\/kristinaoja.com\\\/et\\\/?page_id=2241\",\"url\":\"https:\\\/\\\/kristinaoja.com\\\/et\\\/?page_id=2241\",\"name\":\"KKK - kristina oja\",\"isPartOf\":{\"@id\":\"https:\\\/\\\/kristinaoja.com\\\/#website\"},\"datePublished\":\"2025-08-01T15:44:13+00:00\",\"dateModified\":\"2025-12-17T08:49:06+00:00\",\"breadcrumb\":{\"@id\":\"https:\\\/\\\/kristinaoja.com\\\/et\\\/?page_id=2241#breadcrumb\"},\"inLanguage\":\"et\",\"potentialAction\":[{\"@type\":\"ReadAction\",\"target\":[\"https:\\\/\\\/kristinaoja.com\\\/et\\\/?page_id=2241\"]}]},{\"@type\":\"BreadcrumbList\",\"@id\":\"https:\\\/\\\/kristinaoja.com\\\/et\\\/?page_id=2241#breadcrumb\",\"itemListElement\":[{\"@type\":\"ListItem\",\"position\":1,\"name\":\"Home\",\"item\":\"https:\\\/\\\/kristinaoja.com\\\/et\\\/?page_id=2111\"},{\"@type\":\"ListItem\",\"position\":2,\"name\":\"KKK\"}]},{\"@type\":\"WebSite\",\"@id\":\"https:\\\/\\\/kristinaoja.com\\\/#website\",\"url\":\"https:\\\/\\\/kristinaoja.com\\\/\",\"name\":\"kristina oja\",\"description\":\"Experimental knitwear and garments\",\"publisher\":{\"@id\":\"https:\\\/\\\/kristinaoja.com\\\/#organization\"},\"potentialAction\":[{\"@type\":\"SearchAction\",\"target\":{\"@type\":\"EntryPoint\",\"urlTemplate\":\"https:\\\/\\\/kristinaoja.com\\\/?s={search_term_string}\"},\"query-input\":{\"@type\":\"PropertyValueSpecification\",\"valueRequired\":true,\"valueName\":\"search_term_string\"}}],\"inLanguage\":\"et\"},{\"@type\":\"Organization\",\"@id\":\"https:\\\/\\\/kristinaoja.com\\\/#organization\",\"name\":\"kristina oja\",\"url\":\"https:\\\/\\\/kristinaoja.com\\\/\",\"logo\":{\"@type\":\"ImageObject\",\"inLanguage\":\"et\",\"@id\":\"https:\\\/\\\/kristinaoja.com\\\/#\\\/schema\\\/logo\\\/image\\\/\",\"url\":\"https:\\\/\\\/kristinaoja.com\\\/wp-content\\\/uploads\\\/2025\\\/08\\\/OK-LOGO.jpg\",\"contentUrl\":\"https:\\\/\\\/kristinaoja.com\\\/wp-content\\\/uploads\\\/2025\\\/08\\\/OK-LOGO.jpg\",\"width\":600,\"height\":600,\"caption\":\"kristina oja\"},\"image\":{\"@id\":\"https:\\\/\\\/kristinaoja.com\\\/#\\\/schema\\\/logo\\\/image\\\/\"},\"sameAs\":[\"https:\\\/\\\/www.facebook.com\\\/profile.php?id=61550792045748\",\"https:\\\/\\\/www.instagram.com\\\/kristina.oja\\\/\"]}]}<\/script>\n<!-- \/ Yoast SEO plugin. -->","yoast_head_json":{"title":"KKK - kristina oja","robots":{"index":"index","follow":"follow","max-snippet":"max-snippet:-1","max-image-preview":"max-image-preview:large","max-video-preview":"max-video-preview:-1"},"canonical":"https:\/\/kristinaoja.com\/et\/?page_id=2241","og_locale":"et_EE","og_type":"article","og_title":"KKK - kristina oja","og_description":"korduma kippuvad k\u00fcsimused Kas ma saan tellida personaalset suurust? Jah, muidugi! Pakun personaalset suurust, mis valmib t\u00e4pselt sinu m\u00f5\u00f5tude j\u00e4rgi. [&hellip;]","og_url":"https:\/\/kristinaoja.com\/et\/?page_id=2241","og_site_name":"kristina oja","article_publisher":"https:\/\/www.facebook.com\/profile.php?id=61550792045748","article_modified_time":"2025-12-17T08:49:06+00:00","twitter_card":"summary_large_image","twitter_misc":{"Est. reading time":"4 minutit"},"schema":{"@context":"https:\/\/schema.org","@graph":[{"@type":"WebPage","@id":"https:\/\/kristinaoja.com\/et\/?page_id=2241","url":"https:\/\/kristinaoja.com\/et\/?page_id=2241","name":"KKK - kristina oja","isPartOf":{"@id":"https:\/\/kristinaoja.com\/#website"},"datePublished":"2025-08-01T15:44:13+00:00","dateModified":"2025-12-17T08:49:06+00:00","breadcrumb":{"@id":"https:\/\/kristinaoja.com\/et\/?page_id=2241#breadcrumb"},"inLanguage":"et","potentialAction":[{"@type":"ReadAction","target":["https:\/\/kristinaoja.com\/et\/?page_id=2241"]}]},{"@type":"BreadcrumbList","@id":"https:\/\/kristinaoja.com\/et\/?page_id=2241#breadcrumb","itemListElement":[{"@type":"ListItem","position":1,"name":"Home","item":"https:\/\/kristinaoja.com\/et\/?page_id=2111"},{"@type":"ListItem","position":2,"name":"KKK"}]},{"@type":"WebSite","@id":"https:\/\/kristinaoja.com\/#website","url":"https:\/\/kristinaoja.com\/","name":"kristina oja","description":"Experimental knitwear and garments","publisher":{"@id":"https:\/\/kristinaoja.com\/#organization"},"potentialAction":[{"@type":"SearchAction","target":{"@type":"EntryPoint","urlTemplate":"https:\/\/kristinaoja.com\/?s={search_term_string}"},"query-input":{"@type":"PropertyValueSpecification","valueRequired":true,"valueName":"search_term_string"}}],"inLanguage":"et"},{"@type":"Organization","@id":"https:\/\/kristinaoja.com\/#organization","name":"kristina oja","url":"https:\/\/kristinaoja.com\/","logo":{"@type":"ImageObject","inLanguage":"et","@id":"https:\/\/kristinaoja.com\/#\/schema\/logo\/image\/","url":"https:\/\/kristinaoja.com\/wp-content\/uploads\/2025\/08\/OK-LOGO.jpg","contentUrl":"https:\/\/kristinaoja.com\/wp-content\/uploads\/2025\/08\/OK-LOGO.jpg","width":600,"height":600,"caption":"kristina oja"},"image":{"@id":"https:\/\/kristinaoja.com\/#\/schema\/logo\/image\/"},"sameAs":["https:\/\/www.facebook.com\/profile.php?id=61550792045748","https:\/\/www.instagram.com\/kristina.oja\/"]}]}},"jetpack_sharing_enabled":true,"_links":{"self":[{"href":"https:\/\/kristinaoja.com\/et\/wp-json\/wp\/v2\/pages\/2241","targetHints":{"allow":["GET"]}}],"collection":[{"href":"https:\/\/kristinaoja.com\/et\/wp-json\/wp\/v2\/pages"}],"about":[{"href":"https:\/\/kristinaoja.com\/et\/wp-json\/wp\/v2\/types\/page"}],"author":[{"embeddable":true,"href":"https:\/\/kristinaoja.com\/et\/wp-json\/wp\/v2\/users\/1"}],"replies":[{"embeddable":true,"href":"https:\/\/kristinaoja.com\/et\/wp-json\/wp\/v2\/comments?post=2241"}],"version-history":[{"count":5,"href":"https:\/\/kristinaoja.com\/et\/wp-json\/wp\/v2\/pages\/2241\/revisions"}],"predecessor-version":[{"id":2294,"href":"https:\/\/kristinaoja.com\/et\/wp-json\/wp\/v2\/pages\/2241\/revisions\/2294"}],"wp:attachment":[{"href":"https:\/\/kristinaoja.com\/et\/wp-json\/wp\/v2\/media?parent=2241"}],"curies":[{"name":"wp","href":"https:\/\/api.w.org\/{rel}","templated":true}]}}